{"id":82,"date":"2022-04-12T20:49:21","date_gmt":"2022-04-12T18:49:21","guid":{"rendered":"https:\/\/sarabetve.wordpress.com\/?page_id=82"},"modified":"2022-08-21T12:13:28","modified_gmt":"2022-08-21T10:13:28","slug":"nos-services","status":"publish","type":"page","link":"https:\/\/www.sarabetancurnutrition.com\/index.php\/nos-services\/","title":{"rendered":"AUTRES SERVICES"},"content":{"rendered":"\n<div class=\"wp-block-media-text alignwide is-stacked-on-mobile\"><figure class=\"wp-block-media-text__media\"><img loading=\"lazy\" decoding=\"async\" width=\"1200\" height=\"800\" src=\"https:\/\/sarabetve.files.wordpress.com\/2022\/04\/intermittatefasting_getty.jpg?w=1024\" alt=\"\" class=\"wp-image-153 size-full\" srcset=\"https:\/\/www.sarabetancurnutrition.com\/wp-content\/uploads\/2022\/04\/intermittatefasting_getty.jpg 1200w, https:\/\/www.sarabetancurnutrition.com\/wp-content\/uploads\/2022\/04\/intermittatefasting_getty-300x200.jpg 300w, https:\/\/www.sarabetancurnutrition.com\/wp-content\/uploads\/2022\/04\/intermittatefasting_getty-1024x683.jpg 1024w, https:\/\/www.sarabetancurnutrition.com\/wp-content\/uploads\/2022\/04\/intermittatefasting_getty-768x512.jpg 768w\" sizes=\"auto, (max-width: 1200px) 100vw, 1200px\" \/><\/figure><div class=\"wp-block-media-text__content\">\n<p class=\"has-text-align-center has-large-font-size\"><strong>Introduction et suivi je\u00fbne intermittent<\/strong><\/p>\n\n\n\n<p>Disponible par t\u00e9l\u00e9phone o\u00f9 vid\u00e9o conf\u00e9rence<\/p>\n\n\n\n<ul class=\"wp-block-list\"><li>Introduction aux principes&nbsp;<\/li><li>Pr\u00e9paration au je\u00fbne&nbsp;et plan d&rsquo;action<\/li><li>Suivi du je\u00fbne&nbsp;<\/li><li>Bilan et recommandations pour la suite<\/li><\/ul>\n<\/div><\/div>\n\n\n\n<div class=\"wp-block-columns is-layout-flex wp-container-core-columns-is-layout-9d6595d7 wp-block-columns-is-layout-flex\">\n<div class=\"wp-block-column is-layout-flow wp-block-column-is-layout-flow\">\n<div class=\"wp-block-columns is-layout-flex wp-container-core-columns-is-layout-9d6595d7 wp-block-columns-is-layout-flex\">\n<div class=\"wp-block-column is-layout-flow wp-block-column-is-layout-flow\" style=\"flex-basis:100%\"><\/div>\n<\/div>\n<\/div>\n<\/div>\n\n\n\n<hr class=\"wp-block-separator has-alpha-channel-opacity\"\/>\n\n\n\n<div class=\"wp-block-media-text alignwide has-media-on-the-right is-stacked-on-mobile\"><figure class=\"wp-block-media-text__media\"><img loading=\"lazy\" decoding=\"async\" width=\"731\" height=\"365\" src=\"https:\/\/sarabetve.files.wordpress.com\/2022\/04\/etiquettes.png?w=731\" alt=\"\" class=\"wp-image-157 size-full\" srcset=\"https:\/\/www.sarabetancurnutrition.com\/wp-content\/uploads\/2022\/04\/etiquettes.png 731w, https:\/\/www.sarabetancurnutrition.com\/wp-content\/uploads\/2022\/04\/etiquettes-300x150.png 300w\" sizes=\"auto, (max-width: 731px) 100vw, 731px\" \/><\/figure><div class=\"wp-block-media-text__content\">\n<p class=\"has-text-align-center has-large-font-size\"><strong>D\u00e9cryptage des \u00e9tiquettes  <\/strong><\/p>\n\n\n\n<p>Disponible sur place dans votre supermarch\u00e9 pr\u00e9f\u00e9r\u00e9 , o\u00f9 ,&nbsp; par t\u00e9l\u00e9phone\/ vid\u00e9o conf\u00e9rence<\/p>\n\n\n\n<ul class=\"wp-block-list\"><li>Explication des principes d&rsquo;\u00e9tiquetage&nbsp;<\/li><li>Introduction sur les additifs et les risques associ\u00e9s&nbsp;<\/li><li>Cas pratiques (lecture des \u00e9tiquettes ensemble)&nbsp;<\/li><li>Pr\u00e9sentation des outils \u00e0 utiliser qui nous aident \u00e0 comprendre plus facilement les produits&nbsp;<\/li><li>Bilan et plan d&rsquo;action<\/li><\/ul>\n<\/div><\/div>\n\n\n\n<hr class=\"wp-block-separator has-alpha-channel-opacity\"\/>\n\n\n\n<div class=\"wp-block-media-text alignwide is-stacked-on-mobile\"><figure class=\"wp-block-media-text__media\"><img loading=\"lazy\" decoding=\"async\" width=\"639\" height=\"425\" src=\"https:\/\/sarabetve.files.wordpress.com\/2022\/04\/additifs.png?w=639\" alt=\"\" class=\"wp-image-159 size-full\" srcset=\"https:\/\/www.sarabetancurnutrition.com\/wp-content\/uploads\/2022\/04\/additifs.png 639w, https:\/\/www.sarabetancurnutrition.com\/wp-content\/uploads\/2022\/04\/additifs-300x200.png 300w\" sizes=\"auto, (max-width: 639px) 100vw, 639px\" \/><\/figure><div class=\"wp-block-media-text__content\">\n<p class=\"has-text-align-center has-large-font-size\"><strong>D\u00e9cryptage additifs alimentaires <\/strong><\/p>\n\n\n\n<p>Disponible par t\u00e9l\u00e9phone o\u00f9 vid\u00e9o conf\u00e9rence<\/p>\n\n\n\n<ul class=\"wp-block-list\"><li>Pr\u00e9sentation des additifs et les risques associ\u00e9s&nbsp;<\/li><li>Cas pratiques lecture des additifs sur \u00e9tiquettes&nbsp;<\/li><li>Pr\u00e9sentation des outils \u00e0 utiliser qui nous aident \u00e0 comprendre plus facilement les produits&nbsp;<\/li><li>Bilan et plan d&rsquo;action<\/li><\/ul>\n<\/div><\/div>\n\n\n\n<div class=\"wp-block-buttons alignfull is-content-justification-center is-layout-flex wp-container-core-buttons-is-layout-16018d1d wp-block-buttons-is-layout-flex\">\n<div class=\"wp-block-button\"><a class=\"wp-block-button__link\" href=\"https:\/\/www.sarabetancurnutrition.com\/index.php\/contact\/\">RESERVER UNE SEANCE<\/a><\/div>\n<\/div>\n\n\n        <div\n            class=\"spotlight-instagram-feed\"\n            data-feed-var=\"58f55145\"\n            data-analytics=\"0\"\n            data-instance=\"82\"\n        >\n        <\/div>\n        <input type=\"hidden\" id=\"sli__f__58f55145\" data-json='{&quot;useCase&quot;:&quot;accounts&quot;,&quot;template&quot;:&quot;row&quot;,&quot;layout&quot;:&quot;grid&quot;,&quot;numColumns&quot;:{&quot;desktop&quot;:9,&quot;phone&quot;:9,&quot;tablet&quot;:5},&quot;highlightFreq&quot;:{&quot;desktop&quot;:7},&quot;sliderNumScrollPosts&quot;:{&quot;desktop&quot;:1},&quot;sliderInfinite&quot;:true,&quot;sliderLoop&quot;:false,&quot;sliderArrowPos&quot;:{&quot;desktop&quot;:&quot;inside&quot;},&quot;sliderArrowSize&quot;:{&quot;desktop&quot;:20},&quot;sliderArrowColor&quot;:{&quot;r&quot;:255,&quot;b&quot;:255,&quot;g&quot;:255,&quot;a&quot;:1},&quot;sliderArrowBgColor&quot;:{&quot;r&quot;:0,&quot;b&quot;:0,&quot;g&quot;:0,&quot;a&quot;:0.8},&quot;sliderAutoScroll&quot;:false,&quot;sliderAutoInterval&quot;:3,&quot;postOrder&quot;:&quot;date_desc&quot;,&quot;numPosts&quot;:{&quot;desktop&quot;:9,&quot;phone&quot;:9,&quot;tablet&quot;:5},&quot;linkBehavior&quot;:{&quot;desktop&quot;:&quot;new_tab&quot;},&quot;feedWidth&quot;:{&quot;desktop&quot;:0},&quot;feedHeight&quot;:{&quot;desktop&quot;:0},&quot;feedPadding&quot;:{&quot;desktop&quot;:10,&quot;tablet&quot;:0,&quot;phone&quot;:0},&quot;imgPadding&quot;:{&quot;desktop&quot;:5,&quot;tablet&quot;:0,&quot;phone&quot;:0},&quot;textSize&quot;:{&quot;desktop&quot;:0,&quot;tablet&quot;:0,&quot;phone&quot;:0},&quot;bgColor&quot;:{&quot;r&quot;:255,&quot;g&quot;:255,&quot;b&quot;:255,&quot;a&quot;:1},&quot;hoverInfo&quot;:[&quot;date&quot;],&quot;textColorHover&quot;:{&quot;r&quot;:255,&quot;g&quot;:255,&quot;b&quot;:255,&quot;a&quot;:1},&quot;bgColorHover&quot;:{&quot;r&quot;:0,&quot;g&quot;:0,&quot;b&quot;:0,&quot;a&quot;:0.5},&quot;showHeader&quot;:{&quot;desktop&quot;:true},&quot;headerInfo&quot;:{&quot;desktop&quot;:[&quot;profile_pic&quot;,&quot;bio&quot;]},&quot;headerAccount&quot;:null,&quot;headerStyle&quot;:{&quot;desktop&quot;:&quot;normal&quot;,&quot;phone&quot;:&quot;centered&quot;},&quot;headerTextSize&quot;:{&quot;desktop&quot;:0},&quot;headerPhotoSize&quot;:{&quot;desktop&quot;:25},&quot;headerTextColor&quot;:{&quot;r&quot;:0,&quot;g&quot;:0,&quot;b&quot;:0,&quot;a&quot;:1},&quot;headerBgColor&quot;:{&quot;r&quot;:255,&quot;g&quot;:255,&quot;b&quot;:255,&quot;a&quot;:1},&quot;headerPadding&quot;:{&quot;desktop&quot;:0},&quot;customProfilePic&quot;:&quot;&quot;,&quot;customBioText&quot;:&quot;&quot;,&quot;includeStories&quot;:false,&quot;storiesInterval&quot;:5,&quot;showCaptions&quot;:{&quot;desktop&quot;:false,&quot;tablet&quot;:false},&quot;captionMaxLength&quot;:{&quot;desktop&quot;:0},&quot;captionRemoveDots&quot;:false,&quot;captionSize&quot;:{&quot;desktop&quot;:0},&quot;captionColor&quot;:{&quot;r&quot;:0,&quot;g&quot;:0,&quot;b&quot;:0,&quot;a&quot;:1},&quot;showLikes&quot;:{&quot;desktop&quot;:false,&quot;tablet&quot;:false},&quot;showComments&quot;:{&quot;desktop&quot;:false,&quot;tablet&quot;:false},&quot;lcIconSize&quot;:{&quot;desktop&quot;:14},&quot;likesIconColor&quot;:{&quot;r&quot;:0,&quot;g&quot;:0,&quot;b&quot;:0,&quot;a&quot;:1},&quot;commentsIconColor&quot;:{&quot;r&quot;:0,&quot;g&quot;:0,&quot;b&quot;:0,&quot;a&quot;:1},&quot;lightboxShowSidebar&quot;:false,&quot;lightboxCtaStyle&quot;:&quot;link&quot;,&quot;lightboxCtaDesign&quot;:{&quot;text&quot;:{&quot;color&quot;:{&quot;r&quot;:0,&quot;g&quot;:0,&quot;b&quot;:0,&quot;a&quot;:1},&quot;align&quot;:&quot;center&quot;},&quot;bgColor&quot;:{&quot;r&quot;:230,&quot;g&quot;:230,&quot;b&quot;:230,&quot;a&quot;:1},&quot;border&quot;:{&quot;radius&quot;:3}},&quot;numLightboxComments&quot;:50,&quot;showLoadMoreBtn&quot;:{&quot;desktop&quot;:true},&quot;loadMoreBtnDesign&quot;:{&quot;text&quot;:{&quot;color&quot;:{&quot;r&quot;:255,&quot;g&quot;:255,&quot;b&quot;:255,&quot;a&quot;:1},&quot;align&quot;:&quot;center&quot;},&quot;border&quot;:{&quot;radius&quot;:0},&quot;bgColor&quot;:{&quot;r&quot;:0,&quot;g&quot;:125,&quot;b&quot;:246,&quot;a&quot;:1},&quot;margin&quot;:{&quot;top&quot;:0,&quot;bottom&quot;:0,&quot;left&quot;:0,&quot;right&quot;:0}},&quot;loadMoreBtnText&quot;:&quot;Charger plus&quot;,&quot;loadMoreBtnScroll&quot;:true,&quot;autoload&quot;:false,&quot;showFollowBtn&quot;:{&quot;desktop&quot;:false,&quot;phone&quot;:false},&quot;followBtnText&quot;:&quot;Suivez-nous sur Instagram&quot;,&quot;followBtnDesign&quot;:{&quot;text&quot;:{&quot;color&quot;:{&quot;r&quot;:255,&quot;g&quot;:255,&quot;b&quot;:255,&quot;a&quot;:1},&quot;align&quot;:&quot;center&quot;},&quot;border&quot;:{&quot;radius&quot;:5},&quot;bgColor&quot;:{&quot;r&quot;:0,&quot;g&quot;:149,&quot;b&quot;:246,&quot;a&quot;:1},&quot;margin&quot;:{&quot;top&quot;:0,&quot;bottom&quot;:0,&quot;left&quot;:0,&quot;right&quot;:0}},&quot;followBtnLocation&quot;:{&quot;desktop&quot;:&quot;header&quot;,&quot;phone&quot;:&quot;bottom&quot;},&quot;alignFooterButtons&quot;:{&quot;desktop&quot;:false},&quot;customCss&quot;:&quot;\\\/* Enter your custom CSS below *\\\/\\n\\n&quot;,&quot;accounts&quot;:[1034],&quot;tagged&quot;:[],&quot;hashtags&quot;:[],&quot;mediaType&quot;:&quot;all&quot;,&quot;hashtagWhitelist&quot;:[],&quot;hashtagBlacklist&quot;:[],&quot;captionWhitelist&quot;:[],&quot;captionBlacklist&quot;:[],&quot;hashtagWhitelistSettings&quot;:true,&quot;hashtagBlacklistSettings&quot;:true,&quot;captionWhitelistSettings&quot;:true,&quot;captionBlacklistSettings&quot;:true,&quot;moderation&quot;:[],&quot;moderationMode&quot;:&quot;blacklist&quot;,&quot;promosVersion&quot;:2,&quot;promosEnabled&quot;:true,&quot;globalPromosEnabled&quot;:true,&quot;autoPromosEnabled&quot;:true,&quot;promoOverrides&quot;:[],&quot;feedPromo&quot;:{&quot;linkSource&quot;:{&quot;type&quot;:null},&quot;linkBehavior&quot;:{&quot;openNewTab&quot;:false,&quot;showPopupBox&quot;:false},&quot;linkText&quot;:&quot;&quot;},&quot;gaCampaignSource&quot;:&quot;&quot;,&quot;gaCampaignMedium&quot;:&quot;&quot;,&quot;gaCampaignName&quot;:&quot;&quot;,&quot;className&quot;:&quot;&quot;}' \/>\n        <input type=\"hidden\" id=\"sli__a__58f55145\" data-json='[{&quot;id&quot;:1034,&quot;type&quot;:&quot;PERSONAL&quot;,&quot;userId&quot;:&quot;5029855860458438&quot;,&quot;username&quot;:&quot;sarab_nutrition&quot;,&quot;bio&quot;:&quot;&quot;,&quot;customBio&quot;:&quot;\\ud83c\\udf93U12 BTS Di\\u00e9t\\u00e9tique\\n\\u2764\\ufe0fConseils Nutrition \\ud83e\\udd51et bien-\\u00eatre\\ud83e\\uddd8\\ud83c\\udffc\\u200d\\u2640\\ufe0f\\n\\ud83d\\udcdaEn formation @nutritionschool&quot;,&quot;profilePicUrl&quot;:&quot;&quot;,&quot;customProfilePicUrl&quot;:&quot;https:\\\/\\\/www.sarabetancurnutrition.com\\\/wp-content\\\/uploads\\\/2022\\\/08\\\/IMG_0273R.jpg&quot;,&quot;mediaCount&quot;:&quot;73&quot;,&quot;followersCount&quot;:&quot;0&quot;,&quot;usages&quot;:[],&quot;creationDate&quot;:&quot;2023-06-20 09:20:38&quot;}]' \/>\n        <input type=\"hidden\" id=\"sli__m__58f55145\" data-json='[]' \/>\n        ","protected":false},"excerpt":{"rendered":"<p>Introduction et suivi je\u00fbne intermittent Disponible par t\u00e9l\u00e9phone o\u00f9 vid\u00e9o conf\u00e9rence Introduction aux principes&nbsp; Pr\u00e9paration au je\u00fbne&nbsp;et plan d&rsquo;action Suivi du je\u00fbne&nbsp; Bilan et recommandations pour la suite D\u00e9cryptage des \u00e9tiquettes Disponible sur place dans votre supermarch\u00e9 pr\u00e9f\u00e9r\u00e9 , o\u00f9 ,&nbsp; par t\u00e9l\u00e9phone\/ vid\u00e9o conf\u00e9rence Explication des principes d&rsquo;\u00e9tiquetage&nbsp; Introduction sur les additifs et les [&hellip;]<\/p>\n","protected":false},"author":1,"featured_media":0,"parent":0,"menu_order":0,"comment_status":"closed","ping_status":"closed","template":"","meta":{"hide_page_title":"","footnotes":""},"class_list":["post-82","page","type-page","status-publish","hentry"],"_links":{"self":[{"href":"https:\/\/www.sarabetancurnutrition.com\/index.php\/wp-json\/wp\/v2\/pages\/82","targetHints":{"allow":["GET"]}}],"collection":[{"href":"https:\/\/www.sarabetancurnutrition.com\/index.php\/wp-json\/wp\/v2\/pages"}],"about":[{"href":"https:\/\/www.sarabetancurnutrition.com\/index.php\/wp-json\/wp\/v2\/types\/page"}],"author":[{"embeddable":true,"href":"https:\/\/www.sarabetancurnutrition.com\/index.php\/wp-json\/wp\/v2\/users\/1"}],"replies":[{"embeddable":true,"href":"https:\/\/www.sarabetancurnutrition.com\/index.php\/wp-json\/wp\/v2\/comments?post=82"}],"version-history":[{"count":6,"href":"https:\/\/www.sarabetancurnutrition.com\/index.php\/wp-json\/wp\/v2\/pages\/82\/revisions"}],"predecessor-version":[{"id":506,"href":"https:\/\/www.sarabetancurnutrition.com\/index.php\/wp-json\/wp\/v2\/pages\/82\/revisions\/506"}],"wp:attachment":[{"href":"https:\/\/www.sarabetancurnutrition.com\/index.php\/wp-json\/wp\/v2\/media?parent=82"}],"curies":[{"name":"wp","href":"https:\/\/api.w.org\/{rel}","templated":true}]}}