{"id":414,"date":"2022-05-29T19:16:24","date_gmt":"2022-05-29T17:16:24","guid":{"rendered":"https:\/\/www.sarabetancurnutrition.com\/?page_id=414"},"modified":"2024-10-03T01:01:12","modified_gmt":"2024-10-02T23:01:12","slug":"la-coach-2","status":"publish","type":"page","link":"https:\/\/www.sarabetancurnutrition.com\/index.php\/la-coach-2\/","title":{"rendered":"LA COACH"},"content":{"rendered":"\n<div class=\"wp-block-media-text alignwide is-stacked-on-mobile has-white-background-color has-background\" style=\"grid-template-columns:43% auto\"><figure class=\"wp-block-media-text__media\"><img loading=\"lazy\" decoding=\"async\" width=\"1024\" height=\"891\" src=\"https:\/\/www.sarabetancurnutrition.com\/wp-content\/uploads\/2023\/06\/Image3-1024x891.jpg\" alt=\"\" class=\"wp-image-1030 size-full\" srcset=\"https:\/\/www.sarabetancurnutrition.com\/wp-content\/uploads\/2023\/06\/Image3-1024x891.jpg 1024w, https:\/\/www.sarabetancurnutrition.com\/wp-content\/uploads\/2023\/06\/Image3-300x261.jpg 300w, https:\/\/www.sarabetancurnutrition.com\/wp-content\/uploads\/2023\/06\/Image3-768x668.jpg 768w, https:\/\/www.sarabetancurnutrition.com\/wp-content\/uploads\/2023\/06\/Image3.jpg 1107w\" sizes=\"auto, (max-width: 1024px) 100vw, 1024px\" \/><\/figure><div class=\"wp-block-media-text__content\">\n<ul class=\"wp-block-list\">\n<li>Passionn\u00e9e de nutrition et de di\u00e9t\u00e9tique depuis plus de 10 ans, je suis  convaincue que l&rsquo;alimentation est notre premi\u00e8re m\u00e9decine. Chaque jour, je nourris mes connaissances en la mati\u00e8re gr\u00e2ce \u00e0 mes lectures, mes exp\u00e9riences en cuisine et mes rencontres.<\/li>\n<\/ul>\n\n\n\n<p><\/p>\n\n\n\n<ul class=\"wp-block-list\">\n<li>Port\u00e9e par ma passion d&rsquo;aider les autres \u00e0 adopter une alimentation saine et \u00e0 transformer leur vie, j&rsquo;ai suivi deux formations :\n<ul class=\"wp-block-list\">\n<li>Tout d&rsquo;abord, j&rsquo;ai obtenu mon dipl\u00f4me \u00e0 l&rsquo;\u00c9cole Fran\u00e7aise gr\u00e2ce au programme \u00ab\u00a0Aliments et Nutrition &#8211; Bases de la di\u00e9t\u00e9tique\u00a0\u00bb. Cela m&rsquo;a permis d&rsquo;acqu\u00e9rir des bases solides dans le domaine.<\/li>\n\n\n\n<li>Par la suite, j&rsquo;ai d\u00e9cid\u00e9 d&rsquo;explorer une approche holistique de la sant\u00e9 en m&rsquo;inscrivant dans une \u00e9cole \u00e0 New York. Cette exp\u00e9rience m&rsquo;a ouvert les portes \u00e0 des perspectives internationales en mati\u00e8re de nutrition. Elle m&rsquo;a permis de d\u00e9velopper une vision globale de la nutrition et de comprendre les liens \u00e9troits entre l&rsquo;alimentation et le bien-\u00eatre g\u00e9n\u00e9ral, en prenant en compte les diff\u00e9rentes cultures et pratiques alimentaires \u00e0 travers le monde<\/li>\n<\/ul>\n<\/li>\n<\/ul>\n\n\n\n<p><\/p>\n\n\n\n<ul class=\"wp-block-list\">\n<li>Mon objectif est de continuer \u00e0 m&rsquo;informer sur les derni\u00e8res techniques et avanc\u00e9es en mati\u00e8re de nutrition, afin d&rsquo;am\u00e9liorer la vie de chacun. Je reste constamment \u00e0 l&rsquo;aff\u00fbt des nouvelles recherches et des approches novatrices qui peuvent contribuer \u00e0 une meilleure sant\u00e9 et \u00e0 un bien-\u00eatre optimal pour tous.<\/li>\n<\/ul>\n\n\n\n<p><\/p>\n\n\n\n<p><\/p>\n\n\n\n<p class=\"has-text-align-right\" style=\"font-size:12px\"><strong>Formations:                                                                                                                     &nbsp;<\/strong><small>Coach<\/small><small> en nutrition et sant\u00e9<\/small><\/p>\n\n\n\n<p class=\"has-text-align-right\" style=\"font-size:12px\"><small><strong>I<strong>Institute for Integrative Nutrition (IIN) and The State University of New York (SUNY).<\/strong> New York , U.S <\/strong><\/small><\/p>\n\n\n\n<p class=\"has-text-align-right\" style=\"font-size:12px\"><strong> &nbsp;<\/strong><small>Conseill\u00e8re en nutrition<\/small><small>, Bloc U12 BTS Di\u00e9t\u00e9tique<\/small><\/p>\n\n\n\n<p class=\"has-text-align-right\" style=\"font-size:12px\"><small><strong>L&rsquo;Ecole Fran\u00e7aise, Paris, France<\/strong><\/small><\/p>\n\n\n\n<p class=\"has-text-align-right\" style=\"font-size:12px\"><strong> \u00a0<\/strong><small>Formation de Professeur de Yoga Hatha Vinyasa<\/small><\/p>\n\n\n\n<p class=\"has-text-align-right\" style=\"font-size:12px\"><small><strong>Lakshmi Rising, V\u00e9rone, Italie<\/strong><\/small><\/p>\n\n\n\n<p class=\"has-small-font-size\"><\/p>\n<\/div><\/div>\n\n\n\n<hr class=\"wp-block-separator has-alpha-channel-opacity\"\/>\n\n\n\n<p class=\"has-text-align-center\"><\/p>\n\n\n        <div\n            class=\"spotlight-instagram-feed\"\n            data-feed-var=\"58f55145\"\n            data-analytics=\"0\"\n            data-instance=\"414\"\n        >\n        <\/div>\n        <input type=\"hidden\" id=\"sli__f__58f55145\" data-json='{&quot;useCase&quot;:&quot;accounts&quot;,&quot;template&quot;:&quot;row&quot;,&quot;layout&quot;:&quot;grid&quot;,&quot;numColumns&quot;:{&quot;desktop&quot;:9,&quot;phone&quot;:9,&quot;tablet&quot;:5},&quot;highlightFreq&quot;:{&quot;desktop&quot;:7},&quot;sliderNumScrollPosts&quot;:{&quot;desktop&quot;:1},&quot;sliderInfinite&quot;:true,&quot;sliderLoop&quot;:false,&quot;sliderArrowPos&quot;:{&quot;desktop&quot;:&quot;inside&quot;},&quot;sliderArrowSize&quot;:{&quot;desktop&quot;:20},&quot;sliderArrowColor&quot;:{&quot;r&quot;:255,&quot;b&quot;:255,&quot;g&quot;:255,&quot;a&quot;:1},&quot;sliderArrowBgColor&quot;:{&quot;r&quot;:0,&quot;b&quot;:0,&quot;g&quot;:0,&quot;a&quot;:0.8},&quot;sliderAutoScroll&quot;:false,&quot;sliderAutoInterval&quot;:3,&quot;postOrder&quot;:&quot;date_desc&quot;,&quot;numPosts&quot;:{&quot;desktop&quot;:9,&quot;phone&quot;:9,&quot;tablet&quot;:5},&quot;linkBehavior&quot;:{&quot;desktop&quot;:&quot;new_tab&quot;},&quot;feedWidth&quot;:{&quot;desktop&quot;:0},&quot;feedHeight&quot;:{&quot;desktop&quot;:0},&quot;feedPadding&quot;:{&quot;desktop&quot;:10,&quot;tablet&quot;:0,&quot;phone&quot;:0},&quot;imgPadding&quot;:{&quot;desktop&quot;:5,&quot;tablet&quot;:0,&quot;phone&quot;:0},&quot;textSize&quot;:{&quot;desktop&quot;:0,&quot;tablet&quot;:0,&quot;phone&quot;:0},&quot;bgColor&quot;:{&quot;r&quot;:255,&quot;g&quot;:255,&quot;b&quot;:255,&quot;a&quot;:1},&quot;hoverInfo&quot;:[&quot;date&quot;],&quot;textColorHover&quot;:{&quot;r&quot;:255,&quot;g&quot;:255,&quot;b&quot;:255,&quot;a&quot;:1},&quot;bgColorHover&quot;:{&quot;r&quot;:0,&quot;g&quot;:0,&quot;b&quot;:0,&quot;a&quot;:0.5},&quot;showHeader&quot;:{&quot;desktop&quot;:true},&quot;headerInfo&quot;:{&quot;desktop&quot;:[&quot;profile_pic&quot;,&quot;bio&quot;]},&quot;headerAccount&quot;:null,&quot;headerStyle&quot;:{&quot;desktop&quot;:&quot;normal&quot;,&quot;phone&quot;:&quot;centered&quot;},&quot;headerTextSize&quot;:{&quot;desktop&quot;:0},&quot;headerPhotoSize&quot;:{&quot;desktop&quot;:25},&quot;headerTextColor&quot;:{&quot;r&quot;:0,&quot;g&quot;:0,&quot;b&quot;:0,&quot;a&quot;:1},&quot;headerBgColor&quot;:{&quot;r&quot;:255,&quot;g&quot;:255,&quot;b&quot;:255,&quot;a&quot;:1},&quot;headerPadding&quot;:{&quot;desktop&quot;:0},&quot;customProfilePic&quot;:&quot;&quot;,&quot;customBioText&quot;:&quot;&quot;,&quot;includeStories&quot;:false,&quot;storiesInterval&quot;:5,&quot;showCaptions&quot;:{&quot;desktop&quot;:false,&quot;tablet&quot;:false},&quot;captionMaxLength&quot;:{&quot;desktop&quot;:0},&quot;captionRemoveDots&quot;:false,&quot;captionSize&quot;:{&quot;desktop&quot;:0},&quot;captionColor&quot;:{&quot;r&quot;:0,&quot;g&quot;:0,&quot;b&quot;:0,&quot;a&quot;:1},&quot;showLikes&quot;:{&quot;desktop&quot;:false,&quot;tablet&quot;:false},&quot;showComments&quot;:{&quot;desktop&quot;:false,&quot;tablet&quot;:false},&quot;lcIconSize&quot;:{&quot;desktop&quot;:14},&quot;likesIconColor&quot;:{&quot;r&quot;:0,&quot;g&quot;:0,&quot;b&quot;:0,&quot;a&quot;:1},&quot;commentsIconColor&quot;:{&quot;r&quot;:0,&quot;g&quot;:0,&quot;b&quot;:0,&quot;a&quot;:1},&quot;lightboxShowSidebar&quot;:false,&quot;lightboxCtaStyle&quot;:&quot;link&quot;,&quot;lightboxCtaDesign&quot;:{&quot;text&quot;:{&quot;color&quot;:{&quot;r&quot;:0,&quot;g&quot;:0,&quot;b&quot;:0,&quot;a&quot;:1},&quot;align&quot;:&quot;center&quot;},&quot;bgColor&quot;:{&quot;r&quot;:230,&quot;g&quot;:230,&quot;b&quot;:230,&quot;a&quot;:1},&quot;border&quot;:{&quot;radius&quot;:3}},&quot;numLightboxComments&quot;:50,&quot;showLoadMoreBtn&quot;:{&quot;desktop&quot;:true},&quot;loadMoreBtnDesign&quot;:{&quot;text&quot;:{&quot;color&quot;:{&quot;r&quot;:255,&quot;g&quot;:255,&quot;b&quot;:255,&quot;a&quot;:1},&quot;align&quot;:&quot;center&quot;},&quot;border&quot;:{&quot;radius&quot;:0},&quot;bgColor&quot;:{&quot;r&quot;:0,&quot;g&quot;:125,&quot;b&quot;:246,&quot;a&quot;:1},&quot;margin&quot;:{&quot;top&quot;:0,&quot;bottom&quot;:0,&quot;left&quot;:0,&quot;right&quot;:0}},&quot;loadMoreBtnText&quot;:&quot;Charger plus&quot;,&quot;loadMoreBtnScroll&quot;:true,&quot;autoload&quot;:false,&quot;showFollowBtn&quot;:{&quot;desktop&quot;:false,&quot;phone&quot;:false},&quot;followBtnText&quot;:&quot;Suivez-nous sur Instagram&quot;,&quot;followBtnDesign&quot;:{&quot;text&quot;:{&quot;color&quot;:{&quot;r&quot;:255,&quot;g&quot;:255,&quot;b&quot;:255,&quot;a&quot;:1},&quot;align&quot;:&quot;center&quot;},&quot;border&quot;:{&quot;radius&quot;:5},&quot;bgColor&quot;:{&quot;r&quot;:0,&quot;g&quot;:149,&quot;b&quot;:246,&quot;a&quot;:1},&quot;margin&quot;:{&quot;top&quot;:0,&quot;bottom&quot;:0,&quot;left&quot;:0,&quot;right&quot;:0}},&quot;followBtnLocation&quot;:{&quot;desktop&quot;:&quot;header&quot;,&quot;phone&quot;:&quot;bottom&quot;},&quot;alignFooterButtons&quot;:{&quot;desktop&quot;:false},&quot;customCss&quot;:&quot;\\\/* Enter your custom CSS below *\\\/\\n\\n&quot;,&quot;accounts&quot;:[1034],&quot;tagged&quot;:[],&quot;hashtags&quot;:[],&quot;mediaType&quot;:&quot;all&quot;,&quot;hashtagWhitelist&quot;:[],&quot;hashtagBlacklist&quot;:[],&quot;captionWhitelist&quot;:[],&quot;captionBlacklist&quot;:[],&quot;hashtagWhitelistSettings&quot;:true,&quot;hashtagBlacklistSettings&quot;:true,&quot;captionWhitelistSettings&quot;:true,&quot;captionBlacklistSettings&quot;:true,&quot;moderation&quot;:[],&quot;moderationMode&quot;:&quot;blacklist&quot;,&quot;promosVersion&quot;:2,&quot;promosEnabled&quot;:true,&quot;globalPromosEnabled&quot;:true,&quot;autoPromosEnabled&quot;:true,&quot;promoOverrides&quot;:[],&quot;feedPromo&quot;:{&quot;linkSource&quot;:{&quot;type&quot;:null},&quot;linkBehavior&quot;:{&quot;openNewTab&quot;:false,&quot;showPopupBox&quot;:false},&quot;linkText&quot;:&quot;&quot;},&quot;gaCampaignSource&quot;:&quot;&quot;,&quot;gaCampaignMedium&quot;:&quot;&quot;,&quot;gaCampaignName&quot;:&quot;&quot;,&quot;className&quot;:&quot;&quot;}' \/>\n        <input type=\"hidden\" id=\"sli__a__58f55145\" data-json='[{&quot;id&quot;:1034,&quot;type&quot;:&quot;PERSONAL&quot;,&quot;userId&quot;:&quot;5029855860458438&quot;,&quot;username&quot;:&quot;sarab_nutrition&quot;,&quot;bio&quot;:&quot;&quot;,&quot;customBio&quot;:&quot;\\ud83c\\udf93U12 BTS Di\\u00e9t\\u00e9tique\\n\\u2764\\ufe0fConseils Nutrition \\ud83e\\udd51et bien-\\u00eatre\\ud83e\\uddd8\\ud83c\\udffc\\u200d\\u2640\\ufe0f\\n\\ud83d\\udcdaEn formation @nutritionschool&quot;,&quot;profilePicUrl&quot;:&quot;&quot;,&quot;customProfilePicUrl&quot;:&quot;https:\\\/\\\/www.sarabetancurnutrition.com\\\/wp-content\\\/uploads\\\/2022\\\/08\\\/IMG_0273R.jpg&quot;,&quot;mediaCount&quot;:&quot;73&quot;,&quot;followersCount&quot;:&quot;0&quot;,&quot;usages&quot;:[],&quot;creationDate&quot;:&quot;2023-06-20 09:20:38&quot;}]' \/>\n        <input type=\"hidden\" id=\"sli__m__58f55145\" data-json='[]' \/>\n        ","protected":false},"excerpt":{"rendered":"","protected":false},"author":1,"featured_media":0,"parent":0,"menu_order":0,"comment_status":"closed","ping_status":"closed","template":"","meta":{"hide_page_title":"","footnotes":""},"class_list":["post-414","page","type-page","status-publish","hentry"],"_links":{"self":[{"href":"https:\/\/www.sarabetancurnutrition.com\/index.php\/wp-json\/wp\/v2\/pages\/414","targetHints":{"allow":["GET"]}}],"collection":[{"href":"https:\/\/www.sarabetancurnutrition.com\/index.php\/wp-json\/wp\/v2\/pages"}],"about":[{"href":"https:\/\/www.sarabetancurnutrition.com\/index.php\/wp-json\/wp\/v2\/types\/page"}],"author":[{"embeddable":true,"href":"https:\/\/www.sarabetancurnutrition.com\/index.php\/wp-json\/wp\/v2\/users\/1"}],"replies":[{"embeddable":true,"href":"https:\/\/www.sarabetancurnutrition.com\/index.php\/wp-json\/wp\/v2\/comments?post=414"}],"version-history":[{"count":23,"href":"https:\/\/www.sarabetancurnutrition.com\/index.php\/wp-json\/wp\/v2\/pages\/414\/revisions"}],"predecessor-version":[{"id":2296,"href":"https:\/\/www.sarabetancurnutrition.com\/index.php\/wp-json\/wp\/v2\/pages\/414\/revisions\/2296"}],"wp:attachment":[{"href":"https:\/\/www.sarabetancurnutrition.com\/index.php\/wp-json\/wp\/v2\/media?parent=414"}],"curies":[{"name":"wp","href":"https:\/\/api.w.org\/{rel}","templated":true}]}}