{"id":314,"date":"2022-05-29T15:47:02","date_gmt":"2022-05-29T13:47:02","guid":{"rendered":"https:\/\/sarabetve.wordpress.com\/?page_id=314"},"modified":"2022-08-21T12:05:35","modified_gmt":"2022-08-21T10:05:35","slug":"314-2","status":"publish","type":"page","link":"https:\/\/www.sarabetancurnutrition.com\/","title":{"rendered":"ACCUEIL"},"content":{"rendered":"\n<div class=\"wp-block-media-text alignwide is-stacked-on-mobile is-image-fill\" style=\"grid-template-columns:49% auto\"><figure class=\"wp-block-media-text__media\" style=\"background-image:url(https:\/\/sarabetve.files.wordpress.com\/2022\/05\/brooke-lark-agjp08-hbyy-unsplash.jpg?w=1024);background-position:52% 63%\"><img decoding=\"async\" src=\"https:\/\/sarabetve.files.wordpress.com\/2022\/05\/brooke-lark-agjp08-hbyy-unsplash.jpg?w=1024\" alt=\"\" class=\"wp-image-318 size-full\"\/><\/figure><div class=\"wp-block-media-text__content\">\n<div style=\"height:32px\" aria-hidden=\"true\" class=\"wp-block-spacer\"><\/div>\n\n\n\n<h3 class=\"wp-block-heading\">Pourquoi faire appel \u00e0 un coach nutrition :<\/h3>\n\n\n\n<ul class=\"wp-block-list\"><li>Pour vous accompagner dans vos objectifs de perte de poids<\/li><li>Pour vous aider \u00e0 am\u00e9liorer et contr\u00f4ler les niv\u00e9aux d&rsquo;\u00e9nergie<\/li><li>Pour cultiver votre sant\u00e9 \u00e0 long terme<\/li><\/ul>\n<\/div><\/div>\n\n\n\n<div class=\"wp-block-media-text alignwide has-media-on-the-right is-stacked-on-mobile is-image-fill\" style=\"grid-template-columns:auto 38%\"><figure class=\"wp-block-media-text__media\" style=\"background-image:url(https:\/\/sarabetve.files.wordpress.com\/2022\/05\/coach.jpg?w=1024);background-position:50% 50%\"><img loading=\"lazy\" decoding=\"async\" width=\"2560\" height=\"1707\" src=\"https:\/\/sarabetve.files.wordpress.com\/2022\/05\/coach.jpg?w=1024\" alt=\"\" class=\"wp-image-320 size-full\" srcset=\"https:\/\/www.sarabetancurnutrition.com\/wp-content\/uploads\/2022\/05\/coach.jpg 2560w, https:\/\/www.sarabetancurnutrition.com\/wp-content\/uploads\/2022\/05\/coach-300x200.jpg 300w, https:\/\/www.sarabetancurnutrition.com\/wp-content\/uploads\/2022\/05\/coach-1024x683.jpg 1024w, https:\/\/www.sarabetancurnutrition.com\/wp-content\/uploads\/2022\/05\/coach-768x512.jpg 768w, https:\/\/www.sarabetancurnutrition.com\/wp-content\/uploads\/2022\/05\/coach-1536x1024.jpg 1536w, https:\/\/www.sarabetancurnutrition.com\/wp-content\/uploads\/2022\/05\/coach-2048x1366.jpg 2048w, https:\/\/www.sarabetancurnutrition.com\/wp-content\/uploads\/2022\/05\/coach-1568x1046.jpg 1568w\" sizes=\"auto, (max-width: 2560px) 100vw, 2560px\" \/><\/figure><div class=\"wp-block-media-text__content\">\n<div style=\"height:32px\" aria-hidden=\"true\" class=\"wp-block-spacer\"><\/div>\n\n\n\n<h3 class=\"wp-block-heading\">Pourquoi le coaching nutrition peut vous aider :<\/h3>\n\n\n\n<p class=\"has-normal-font-size\">Car&nbsp;nous mettrons en lumi\u00e8re les habitudes et obstacles qui vous ont \u00e0 plusieurs reprises emp\u00each\u00e9 d&rsquo;atteindre vos objectifs en mati\u00e8re de nutrition et de sant\u00e9.<\/p>\n\n\n\n<p class=\"has-normal-font-size\">\u00c9tant donn\u00e9 que les changements durables prennent du temps, notre coaching est con\u00e7u pour vous aider \u00e0 cr\u00e9er des habitudes de vie dans lesquelles vous vous engagerez r\u00e9ellement.<\/p>\n\n\n\n<p class=\"has-normal-font-size\">La privation, le comptage des calories et la famine n&rsquo;ont pas la place dans ce programme&nbsp;<\/p>\n\n\n\n<div style=\"height:32px\" aria-hidden=\"true\" class=\"wp-block-spacer\"><\/div>\n<\/div><\/div>\n\n\n\n<div class=\"wp-block-group alignfull has-background-background-color has-background\" style=\"padding-top:10px;padding-right:10px;padding-bottom:10px;padding-left:10px\"><div class=\"wp-block-group__inner-container is-layout-flow wp-block-group-is-layout-flow\">\n<h2 class=\"has-text-align-center margin-top-half wp-block-heading\">Notre travail<\/h2>\n\n\n\n<hr class=\"wp-block-separator has-css-opacity\"\/>\n\n\n\n<div class=\"wp-block-columns alignwide is-layout-flex wp-container-core-columns-is-layout-9d6595d7 wp-block-columns-is-layout-flex\">\n<div class=\"wp-block-column is-layout-flow wp-block-column-is-layout-flow\">\n<p>\u2713 Nous proposons des programmes adapt\u00e9s aux besoins de chaque profil<small>&nbsp;<\/small><\/p>\n<\/div>\n\n\n\n<div class=\"wp-block-column is-layout-flow wp-block-column-is-layout-flow\">\n<p>\u2713 Nous proposons un accompagnement personnalis\u00e9 pendant et apr\u00e8s le(s) programme(s)<\/p>\n<\/div>\n\n\n\n<div class=\"wp-block-column is-layout-flow wp-block-column-is-layout-flow\">\n<p>\u2713 Nous donnons les outils pour comprendre l&rsquo;\u00e9quilibre alimentaire et l&rsquo;appliquer \u00e0 vie <\/p>\n<\/div>\n<\/div>\n<\/div><\/div>\n\n\n\n<div class=\"wp-block-cover alignfull is-light has-parallax\" style=\"padding-top:20px;padding-right:20px;padding-bottom:20px;padding-left:20px;min-height:200px;aspect-ratio:unset;\"><span aria-hidden=\"true\" class=\"wp-block-cover__background has-background-dim-30 has-background-dim has-background-gradient has-primary-to-tertiary-gradient-background\"><\/span><div class=\"wp-block-cover__inner-container is-layout-flow wp-block-cover-is-layout-flow\">\n<h2 class=\"has-text-align-center wp-block-heading\">Le Saviez-vous?<\/h2>\n\n\n\n<hr class=\"wp-block-separator has-css-opacity\"\/>\n\n\n\n<div class=\"wp-block-columns alignwide is-layout-flex wp-container-core-columns-is-layout-9d6595d7 wp-block-columns-is-layout-flex\">\n<div class=\"wp-block-column is-layout-flow wp-block-column-is-layout-flow\">\n<div class=\"wp-block-group\"><div class=\"wp-block-group__inner-container is-layout-flow wp-block-group-is-layout-flow\">\n<h2 class=\"has-text-align-center margin-bottom-none wp-block-heading\"><strong><strong>47%<\/strong><\/strong><\/h2>\n\n\n\n<p class=\"has-text-align-center margin-top-none\">Des Fran\u00e7ais sont en surpoids, dont 17% ob\u00e8ses<\/p>\n\n\n\n<div class=\"wp-block-buttons is-content-justification-center is-layout-flex wp-container-core-buttons-is-layout-16018d1d wp-block-buttons-is-layout-flex\">\n<div class=\"wp-block-button is-style-outline is-style-outline--1\"><a class=\"wp-block-button__link\" href=\"https:\/\/www.lemonde.fr\/planete\/article\/2021\/06\/30\/pres-d-un-francais-sur-deux-en-surpoids-l-obesite-en-progression_6086350_3244.html\">LIRE LA SUITE<\/a><\/div>\n<\/div>\n<\/div><\/div>\n<\/div>\n\n\n\n<div class=\"wp-block-column is-layout-flow wp-block-column-is-layout-flow\">\n<div class=\"wp-block-group\"><div class=\"wp-block-group__inner-container is-layout-flow wp-block-group-is-layout-flow\">\n<h2 class=\"has-text-align-center margin-bottom-none wp-block-heading\"><strong>3,5 M<\/strong><\/h2>\n\n\n\n<p class=\"has-text-align-center margin-top-none\">Des Fran\u00e7ais atteints de diab\u00e8te (6% de la population)<\/p>\n\n\n\n<div class=\"wp-block-buttons is-content-justification-center is-layout-flex wp-container-core-buttons-is-layout-16018d1d wp-block-buttons-is-layout-flex\">\n<div class=\"wp-block-button is-style-outline is-style-outline--2\"><a class=\"wp-block-button__link\" href=\"https:\/\/www.santepubliquefrance.fr\/les-actualites\/2021\/le-diabete-en-france-les-chiffres-2020\">LIRE LA SUITE<\/a><\/div>\n<\/div>\n<\/div><\/div>\n<\/div>\n\n\n\n<div class=\"wp-block-column is-layout-flow wp-block-column-is-layout-flow\">\n<h2 class=\"has-text-align-center margin-bottom-none wp-block-heading\"><strong>5 Mds&nbsp;\u20ac<\/strong><\/h2>\n\n\n\n<p class=\"has-text-align-center margin-top-none\">Le co\u00fbt du surpoids et ob\u00e9sit\u00e9 pour l&rsquo;assurance Maladie<\/p>\n\n\n\n<div class=\"wp-block-buttons is-content-justification-center is-layout-flex wp-container-core-buttons-is-layout-16018d1d wp-block-buttons-is-layout-flex\">\n<div class=\"wp-block-button is-style-outline is-style-outline--3\"><a class=\"wp-block-button__link\">LIRE LA SUITE<\/a><\/div>\n<\/div>\n<\/div>\n<\/div>\n<\/div><\/div>\n\n\n\n<div class=\"wp-block-columns is-layout-flex wp-container-core-columns-is-layout-9d6595d7 wp-block-columns-is-layout-flex\">\n<div class=\"wp-block-column is-layout-flow wp-block-column-is-layout-flow\" style=\"flex-basis:100%\">\n<div class=\"wp-block-buttons is-content-justification-center is-layout-flex wp-container-core-buttons-is-layout-16018d1d wp-block-buttons-is-layout-flex\">\n<div class=\"wp-block-button\"><a class=\"wp-block-button__link\" href=\"https:\/\/www.sarabetancurnutrition.com\/index.php\/contact\/\">TRANSFORMEZ VOTRE ALIMENTATION!<\/a><\/div>\n<\/div>\n<\/div>\n<\/div>\n\n\n        <div\n            class=\"spotlight-instagram-feed\"\n            data-feed-var=\"58f55145\"\n            data-analytics=\"0\"\n            data-instance=\"314\"\n        >\n        <\/div>\n        <input type=\"hidden\" id=\"sli__f__58f55145\" data-json='{&quot;useCase&quot;:&quot;accounts&quot;,&quot;template&quot;:&quot;row&quot;,&quot;layout&quot;:&quot;grid&quot;,&quot;numColumns&quot;:{&quot;desktop&quot;:9,&quot;phone&quot;:9,&quot;tablet&quot;:5},&quot;highlightFreq&quot;:{&quot;desktop&quot;:7},&quot;sliderNumScrollPosts&quot;:{&quot;desktop&quot;:1},&quot;sliderInfinite&quot;:true,&quot;sliderLoop&quot;:false,&quot;sliderArrowPos&quot;:{&quot;desktop&quot;:&quot;inside&quot;},&quot;sliderArrowSize&quot;:{&quot;desktop&quot;:20},&quot;sliderArrowColor&quot;:{&quot;r&quot;:255,&quot;b&quot;:255,&quot;g&quot;:255,&quot;a&quot;:1},&quot;sliderArrowBgColor&quot;:{&quot;r&quot;:0,&quot;b&quot;:0,&quot;g&quot;:0,&quot;a&quot;:0.8},&quot;sliderAutoScroll&quot;:false,&quot;sliderAutoInterval&quot;:3,&quot;postOrder&quot;:&quot;date_desc&quot;,&quot;numPosts&quot;:{&quot;desktop&quot;:9,&quot;phone&quot;:9,&quot;tablet&quot;:5},&quot;linkBehavior&quot;:{&quot;desktop&quot;:&quot;new_tab&quot;},&quot;feedWidth&quot;:{&quot;desktop&quot;:0},&quot;feedHeight&quot;:{&quot;desktop&quot;:0},&quot;feedPadding&quot;:{&quot;desktop&quot;:10,&quot;tablet&quot;:0,&quot;phone&quot;:0},&quot;imgPadding&quot;:{&quot;desktop&quot;:5,&quot;tablet&quot;:0,&quot;phone&quot;:0},&quot;textSize&quot;:{&quot;desktop&quot;:0,&quot;tablet&quot;:0,&quot;phone&quot;:0},&quot;bgColor&quot;:{&quot;r&quot;:255,&quot;g&quot;:255,&quot;b&quot;:255,&quot;a&quot;:1},&quot;hoverInfo&quot;:[&quot;date&quot;],&quot;textColorHover&quot;:{&quot;r&quot;:255,&quot;g&quot;:255,&quot;b&quot;:255,&quot;a&quot;:1},&quot;bgColorHover&quot;:{&quot;r&quot;:0,&quot;g&quot;:0,&quot;b&quot;:0,&quot;a&quot;:0.5},&quot;showHeader&quot;:{&quot;desktop&quot;:true},&quot;headerInfo&quot;:{&quot;desktop&quot;:[&quot;profile_pic&quot;,&quot;bio&quot;]},&quot;headerAccount&quot;:null,&quot;headerStyle&quot;:{&quot;desktop&quot;:&quot;normal&quot;,&quot;phone&quot;:&quot;centered&quot;},&quot;headerTextSize&quot;:{&quot;desktop&quot;:0},&quot;headerPhotoSize&quot;:{&quot;desktop&quot;:25},&quot;headerTextColor&quot;:{&quot;r&quot;:0,&quot;g&quot;:0,&quot;b&quot;:0,&quot;a&quot;:1},&quot;headerBgColor&quot;:{&quot;r&quot;:255,&quot;g&quot;:255,&quot;b&quot;:255,&quot;a&quot;:1},&quot;headerPadding&quot;:{&quot;desktop&quot;:0},&quot;customProfilePic&quot;:&quot;&quot;,&quot;customBioText&quot;:&quot;&quot;,&quot;includeStories&quot;:false,&quot;storiesInterval&quot;:5,&quot;showCaptions&quot;:{&quot;desktop&quot;:false,&quot;tablet&quot;:false},&quot;captionMaxLength&quot;:{&quot;desktop&quot;:0},&quot;captionRemoveDots&quot;:false,&quot;captionSize&quot;:{&quot;desktop&quot;:0},&quot;captionColor&quot;:{&quot;r&quot;:0,&quot;g&quot;:0,&quot;b&quot;:0,&quot;a&quot;:1},&quot;showLikes&quot;:{&quot;desktop&quot;:false,&quot;tablet&quot;:false},&quot;showComments&quot;:{&quot;desktop&quot;:false,&quot;tablet&quot;:false},&quot;lcIconSize&quot;:{&quot;desktop&quot;:14},&quot;likesIconColor&quot;:{&quot;r&quot;:0,&quot;g&quot;:0,&quot;b&quot;:0,&quot;a&quot;:1},&quot;commentsIconColor&quot;:{&quot;r&quot;:0,&quot;g&quot;:0,&quot;b&quot;:0,&quot;a&quot;:1},&quot;lightboxShowSidebar&quot;:false,&quot;lightboxCtaStyle&quot;:&quot;link&quot;,&quot;lightboxCtaDesign&quot;:{&quot;text&quot;:{&quot;color&quot;:{&quot;r&quot;:0,&quot;g&quot;:0,&quot;b&quot;:0,&quot;a&quot;:1},&quot;align&quot;:&quot;center&quot;},&quot;bgColor&quot;:{&quot;r&quot;:230,&quot;g&quot;:230,&quot;b&quot;:230,&quot;a&quot;:1},&quot;border&quot;:{&quot;radius&quot;:3}},&quot;numLightboxComments&quot;:50,&quot;showLoadMoreBtn&quot;:{&quot;desktop&quot;:true},&quot;loadMoreBtnDesign&quot;:{&quot;text&quot;:{&quot;color&quot;:{&quot;r&quot;:255,&quot;g&quot;:255,&quot;b&quot;:255,&quot;a&quot;:1},&quot;align&quot;:&quot;center&quot;},&quot;border&quot;:{&quot;radius&quot;:0},&quot;bgColor&quot;:{&quot;r&quot;:0,&quot;g&quot;:125,&quot;b&quot;:246,&quot;a&quot;:1},&quot;margin&quot;:{&quot;top&quot;:0,&quot;bottom&quot;:0,&quot;left&quot;:0,&quot;right&quot;:0}},&quot;loadMoreBtnText&quot;:&quot;Charger plus&quot;,&quot;loadMoreBtnScroll&quot;:true,&quot;autoload&quot;:false,&quot;showFollowBtn&quot;:{&quot;desktop&quot;:false,&quot;phone&quot;:false},&quot;followBtnText&quot;:&quot;Suivez-nous sur Instagram&quot;,&quot;followBtnDesign&quot;:{&quot;text&quot;:{&quot;color&quot;:{&quot;r&quot;:255,&quot;g&quot;:255,&quot;b&quot;:255,&quot;a&quot;:1},&quot;align&quot;:&quot;center&quot;},&quot;border&quot;:{&quot;radius&quot;:5},&quot;bgColor&quot;:{&quot;r&quot;:0,&quot;g&quot;:149,&quot;b&quot;:246,&quot;a&quot;:1},&quot;margin&quot;:{&quot;top&quot;:0,&quot;bottom&quot;:0,&quot;left&quot;:0,&quot;right&quot;:0}},&quot;followBtnLocation&quot;:{&quot;desktop&quot;:&quot;header&quot;,&quot;phone&quot;:&quot;bottom&quot;},&quot;alignFooterButtons&quot;:{&quot;desktop&quot;:false},&quot;customCss&quot;:&quot;\\\/* Enter your custom CSS below *\\\/\\n\\n&quot;,&quot;accounts&quot;:[1034],&quot;tagged&quot;:[],&quot;hashtags&quot;:[],&quot;mediaType&quot;:&quot;all&quot;,&quot;hashtagWhitelist&quot;:[],&quot;hashtagBlacklist&quot;:[],&quot;captionWhitelist&quot;:[],&quot;captionBlacklist&quot;:[],&quot;hashtagWhitelistSettings&quot;:true,&quot;hashtagBlacklistSettings&quot;:true,&quot;captionWhitelistSettings&quot;:true,&quot;captionBlacklistSettings&quot;:true,&quot;moderation&quot;:[],&quot;moderationMode&quot;:&quot;blacklist&quot;,&quot;promosVersion&quot;:2,&quot;promosEnabled&quot;:true,&quot;globalPromosEnabled&quot;:true,&quot;autoPromosEnabled&quot;:true,&quot;promoOverrides&quot;:[],&quot;feedPromo&quot;:{&quot;linkSource&quot;:{&quot;type&quot;:null},&quot;linkBehavior&quot;:{&quot;openNewTab&quot;:false,&quot;showPopupBox&quot;:false},&quot;linkText&quot;:&quot;&quot;},&quot;gaCampaignSource&quot;:&quot;&quot;,&quot;gaCampaignMedium&quot;:&quot;&quot;,&quot;gaCampaignName&quot;:&quot;&quot;,&quot;className&quot;:&quot;&quot;}' \/>\n        <input type=\"hidden\" id=\"sli__a__58f55145\" data-json='[{&quot;id&quot;:1034,&quot;type&quot;:&quot;PERSONAL&quot;,&quot;userId&quot;:&quot;5029855860458438&quot;,&quot;username&quot;:&quot;sarab_nutrition&quot;,&quot;bio&quot;:&quot;&quot;,&quot;customBio&quot;:&quot;\\ud83c\\udf93U12 BTS Di\\u00e9t\\u00e9tique\\n\\u2764\\ufe0fConseils Nutrition \\ud83e\\udd51et bien-\\u00eatre\\ud83e\\uddd8\\ud83c\\udffc\\u200d\\u2640\\ufe0f\\n\\ud83d\\udcdaEn formation @nutritionschool&quot;,&quot;profilePicUrl&quot;:&quot;&quot;,&quot;customProfilePicUrl&quot;:&quot;https:\\\/\\\/www.sarabetancurnutrition.com\\\/wp-content\\\/uploads\\\/2022\\\/08\\\/IMG_0273R.jpg&quot;,&quot;mediaCount&quot;:&quot;73&quot;,&quot;followersCount&quot;:&quot;0&quot;,&quot;usages&quot;:[],&quot;creationDate&quot;:&quot;2023-06-20 09:20:38&quot;}]' \/>\n        <input type=\"hidden\" id=\"sli__m__58f55145\" data-json='[]' \/>\n        \n\n\n<p style=\"font-size:10px\">AUCUNE DES INFORMATIONS SUR CE SITE WEB N&rsquo;EST DESTIN\u00c9E \u00c0 SE SUBSTITUER \u00c0 UN AVIS M\u00c9DICAL. CONSULTEZ TOUJOURS UN M\u00c9DECIN ENREGISTR\u00c9 POUR TOUT SYMPT\u00d4ME QUE VOUS RENCONTREZ. LA RESPONSABILIT\u00c9 D&rsquo;OBTENIR UN DIAGNOSTIC M\u00c9DICAL ET LA D\u00c9CISION DE LA PROC\u00c9DURE RESTENT \u00c0 L&rsquo;INDIVIDU ET NE PEUVENT \u00caTRE ACCEPT\u00c9ES PAR LA COACH NUTRITION<\/p>\n","protected":false},"excerpt":{"rendered":"<p>Notre travail \u2713 Nous proposons des programmes adapt\u00e9s aux besoins de chaque profil&nbsp; \u2713 Nous proposons un accompagnement personnalis\u00e9 pendant et apr\u00e8s le(s) programme(s) \u2713 Nous donnons les outils pour comprendre l&rsquo;\u00e9quilibre alimentaire et l&rsquo;appliquer \u00e0 vie AUCUNE DES INFORMATIONS SUR CE SITE WEB N&rsquo;EST DESTIN\u00c9E \u00c0 SE SUBSTITUER \u00c0 UN AVIS M\u00c9DICAL. CONSULTEZ TOUJOURS [&hellip;]<\/p>\n","protected":false},"author":1,"featured_media":0,"parent":0,"menu_order":0,"comment_status":"closed","ping_status":"closed","template":"","meta":{"hide_page_title":"enabled","footnotes":""},"class_list":["post-314","page","type-page","status-publish","hentry"],"_links":{"self":[{"href":"https:\/\/www.sarabetancurnutrition.com\/index.php\/wp-json\/wp\/v2\/pages\/314","targetHints":{"allow":["GET"]}}],"collection":[{"href":"https:\/\/www.sarabetancurnutrition.com\/index.php\/wp-json\/wp\/v2\/pages"}],"about":[{"href":"https:\/\/www.sarabetancurnutrition.com\/index.php\/wp-json\/wp\/v2\/types\/page"}],"author":[{"embeddable":true,"href":"https:\/\/www.sarabetancurnutrition.com\/index.php\/wp-json\/wp\/v2\/users\/1"}],"replies":[{"embeddable":true,"href":"https:\/\/www.sarabetancurnutrition.com\/index.php\/wp-json\/wp\/v2\/comments?post=314"}],"version-history":[{"count":19,"href":"https:\/\/www.sarabetancurnutrition.com\/index.php\/wp-json\/wp\/v2\/pages\/314\/revisions"}],"predecessor-version":[{"id":1968,"href":"https:\/\/www.sarabetancurnutrition.com\/index.php\/wp-json\/wp\/v2\/pages\/314\/revisions\/1968"}],"wp:attachment":[{"href":"https:\/\/www.sarabetancurnutrition.com\/index.php\/wp-json\/wp\/v2\/media?parent=314"}],"curies":[{"name":"wp","href":"https:\/\/api.w.org\/{rel}","templated":true}]}}