{"id":296,"date":"2022-05-29T12:00:35","date_gmt":"2022-05-29T10:00:35","guid":{"rendered":"https:\/\/sarabetve.wordpress.com\/?page_id=296"},"modified":"2023-08-08T09:38:12","modified_gmt":"2023-08-08T07:38:12","slug":"la-methode","status":"publish","type":"page","link":"https:\/\/www.sarabetancurnutrition.com\/index.php\/la-methode\/","title":{"rendered":"LA METHODE"},"content":{"rendered":"\n<div class=\"wp-block-media-text alignfull has-media-on-the-right is-stacked-on-mobile is-image-fill has-primary-background-color has-background\"><div class=\"wp-block-media-text__content\">\n<div class=\"wp-block-jetpack-layout-grid alignfull column1-desktop-grid__span-11 column1-desktop-grid__row-1 column1-tablet-grid__span-8 column1-tablet-grid__row-1 column1-mobile-grid__span-4 column1-mobile-grid__row-1 wp-block-jetpack-layout-gutter__huge\">\n<div class=\"wp-block-jetpack-layout-grid-column wp-block-jetpack-layout-grid__padding-none\">\n<h4 class=\"wp-block-heading\"><strong>\u00c9TAPES D<\/strong>U PROGRAMME<\/h4>\n\n\n\n<ol class=\"wp-block-list\">\n<li>D\u00e9finition des objectifs<\/li>\n\n\n\n<li>D\u00e9finition des phases et dur\u00e9es<\/li>\n\n\n\n<li>Accompagnement et suivi <strong>pendant<\/strong> et <strong>apr\u00e8s<\/strong> le programme<\/li>\n<\/ol>\n<\/div>\n<\/div>\n<\/div><figure class=\"wp-block-media-text__media\" style=\"background-image:url(https:\/\/sarabetve.files.wordpress.com\/2022\/05\/davies-designs-studio-utguen80jag-unsplash.jpg?w=683);background-position:62% 49%\"><img decoding=\"async\" src=\"https:\/\/sarabetve.files.wordpress.com\/2022\/05\/davies-designs-studio-utguen80jag-unsplash.jpg?w=683\" alt=\"\" class=\"wp-image-298 size-full\"\/><\/figure><\/div>\n\n\n\n<div class=\"wp-block-group\"><div class=\"wp-block-group__inner-container is-layout-flow wp-block-group-is-layout-flow\">\n<div class=\"wp-block-group has-cyan-bluish-gray-background-color has-background\"><div class=\"wp-block-group__inner-container is-layout-flow wp-block-group-is-layout-flow\">\n<p class=\"has-text-align-center has-foreground-color has-text-color\"><strong>PAS D&rsquo;EFFET YO-YO , PAS DE REGIME<\/strong> !<\/p>\n\n\n\n<p class=\"has-text-align-right has-foreground-color has-text-color\"><a href=\"https:\/\/pubmed.ncbi.nlm.nih.gov\/26362728\/\" target=\"_blank\" rel=\"noreferrer noopener\">80% des personnes qui suivent un r\u00e9gime r\u00e9cup\u00e8rent les kilos perdus<\/a><\/p>\n<\/div><\/div>\n<\/div><\/div>\n\n\n\n<hr class=\"wp-block-separator has-alpha-channel-opacity\"\/>\n\n\n\n<p><\/p>\n\n\n\n<p><\/p>\n\n\n\n<h2 class=\"wp-block-heading has-text-align-center has-medium-font-size\">FOIRE AUX QUESTIONS<\/h2>\n\n\n\n<div class=\"wp-block-group\"><div class=\"wp-block-group__inner-container is-layout-flow wp-block-group-is-layout-flow\">\n<p>&#8211;<strong>Quelle est la dur\u00e9e du programme?<\/strong><\/p>\n\n\n\n<p class=\"has-text-align-left\">Entre 3- 9 mois en fonction des objectifs. Un suivi 6 mois et 12 mois apr\u00e8s la fin de programme aura lieu<\/p>\n\n\n\n<p><\/p>\n<\/div><\/div>\n\n\n\n<div class=\"wp-block-group\"><div class=\"wp-block-group__inner-container is-layout-flow wp-block-group-is-layout-flow\">\n<p>&#8211;<strong>Pour qui est fait ce programme ?<\/strong><\/p>\n\n\n\n<p>\u2713 Vous souhaitez perdre du poids sans subir d&rsquo;effet YO-YO<\/p>\n\n\n\n<p>\u2713 Vous voulez vous d\u00e9barrasser du sucre et arr\u00eater les crises de boulimie<\/p>\n\n\n\n<p>\u2713 Vous voulez apprendre \u00e0 bien manger pour subvenir \u00e0 vos besoins<\/p>\n\n\n\n<p>\u2713 Vous voulez d\u00e9velopper des habitudes nutritionnelles saines pour qui auront un effet sur votre long\u00e9vit\u00e9<\/p>\n\n\n\n<p><\/p>\n<\/div><\/div>\n\n\n\n<div class=\"wp-block-group\"><div class=\"wp-block-group__inner-container is-layout-flow wp-block-group-is-layout-flow\">\n<p>&#8211;<strong>Que retiendrai je d&rsquo;une s\u00e9ance de Coaching Nutrition?<\/strong><\/p>\n\n\n\n<p>Vous repartirez avec des recommandations claires bas\u00e9es sur vos objectifs personnels, qu&rsquo;il s&rsquo;agisse de perte de poids, d&rsquo;augmenter l&rsquo;\u00e9nergie, d&rsquo;am\u00e9liorer la digestion ou plus encore. <\/p>\n\n\n\n<p>Votre coach utilise son exp\u00e9rience professionnelle, des techniques de changement de comportement et des entretiens de motivation pour vous rencontrer l\u00e0 o\u00f9 vous \u00eates et vous amener l\u00e0 o\u00f9 vous voulez \u00eatre.<\/p>\n\n\n\n<p><\/p>\n\n\n\n<p><\/p>\n\n\n\n<p>&#8211;<strong>Comment se d\u00e9roulent les s\u00e9ances?<\/strong><\/p>\n\n\n\n<p>Chaque s\u00e9ance dure entre 45 minutes et 1h ,les RDV peuvent se faire en visio conf\u00e9rence ou en pr\u00e9sentiel<\/p>\n\n\n\n<p><\/p>\n\n\n\n<p><\/p>\n\n\n\n<p>&#8211;<strong>Quelle est la fr\u00e9quence des RDV?<\/strong><\/p>\n\n\n\n<p>En fonction du programme defini, un accompagnement est fait minimum une fois par mois<\/p>\n\n\n\n<p><\/p>\n\n\n\n<p><\/p>\n<\/div><\/div>\n\n\n\n<div class=\"wp-block-buttons is-content-justification-center is-layout-flex wp-container-core-buttons-is-layout-16018d1d wp-block-buttons-is-layout-flex\">\n<div class=\"wp-block-button\"><a class=\"wp-block-button__link wp-element-button\" href=\"https:\/\/www.sarabetancurnutrition.com\/index.php\/contact\/\">TRANSFORMEZ VOTRE ALIMENTATION!<\/a><\/div>\n<\/div>\n\n\n        <div\n            class=\"spotlight-instagram-feed\"\n            data-feed-var=\"58f55145\"\n            data-analytics=\"0\"\n            data-instance=\"296\"\n        >\n        <\/div>\n        <input type=\"hidden\" id=\"sli__f__58f55145\" data-json='{&quot;useCase&quot;:&quot;accounts&quot;,&quot;template&quot;:&quot;row&quot;,&quot;layout&quot;:&quot;grid&quot;,&quot;numColumns&quot;:{&quot;desktop&quot;:9,&quot;phone&quot;:9,&quot;tablet&quot;:5},&quot;highlightFreq&quot;:{&quot;desktop&quot;:7},&quot;sliderNumScrollPosts&quot;:{&quot;desktop&quot;:1},&quot;sliderInfinite&quot;:true,&quot;sliderLoop&quot;:false,&quot;sliderArrowPos&quot;:{&quot;desktop&quot;:&quot;inside&quot;},&quot;sliderArrowSize&quot;:{&quot;desktop&quot;:20},&quot;sliderArrowColor&quot;:{&quot;r&quot;:255,&quot;b&quot;:255,&quot;g&quot;:255,&quot;a&quot;:1},&quot;sliderArrowBgColor&quot;:{&quot;r&quot;:0,&quot;b&quot;:0,&quot;g&quot;:0,&quot;a&quot;:0.8},&quot;sliderAutoScroll&quot;:false,&quot;sliderAutoInterval&quot;:3,&quot;postOrder&quot;:&quot;date_desc&quot;,&quot;numPosts&quot;:{&quot;desktop&quot;:9,&quot;phone&quot;:9,&quot;tablet&quot;:5},&quot;linkBehavior&quot;:{&quot;desktop&quot;:&quot;new_tab&quot;},&quot;feedWidth&quot;:{&quot;desktop&quot;:0},&quot;feedHeight&quot;:{&quot;desktop&quot;:0},&quot;feedPadding&quot;:{&quot;desktop&quot;:10,&quot;tablet&quot;:0,&quot;phone&quot;:0},&quot;imgPadding&quot;:{&quot;desktop&quot;:5,&quot;tablet&quot;:0,&quot;phone&quot;:0},&quot;textSize&quot;:{&quot;desktop&quot;:0,&quot;tablet&quot;:0,&quot;phone&quot;:0},&quot;bgColor&quot;:{&quot;r&quot;:255,&quot;g&quot;:255,&quot;b&quot;:255,&quot;a&quot;:1},&quot;hoverInfo&quot;:[&quot;date&quot;],&quot;textColorHover&quot;:{&quot;r&quot;:255,&quot;g&quot;:255,&quot;b&quot;:255,&quot;a&quot;:1},&quot;bgColorHover&quot;:{&quot;r&quot;:0,&quot;g&quot;:0,&quot;b&quot;:0,&quot;a&quot;:0.5},&quot;showHeader&quot;:{&quot;desktop&quot;:true},&quot;headerInfo&quot;:{&quot;desktop&quot;:[&quot;profile_pic&quot;,&quot;bio&quot;]},&quot;headerAccount&quot;:null,&quot;headerStyle&quot;:{&quot;desktop&quot;:&quot;normal&quot;,&quot;phone&quot;:&quot;centered&quot;},&quot;headerTextSize&quot;:{&quot;desktop&quot;:0},&quot;headerPhotoSize&quot;:{&quot;desktop&quot;:25},&quot;headerTextColor&quot;:{&quot;r&quot;:0,&quot;g&quot;:0,&quot;b&quot;:0,&quot;a&quot;:1},&quot;headerBgColor&quot;:{&quot;r&quot;:255,&quot;g&quot;:255,&quot;b&quot;:255,&quot;a&quot;:1},&quot;headerPadding&quot;:{&quot;desktop&quot;:0},&quot;customProfilePic&quot;:&quot;&quot;,&quot;customBioText&quot;:&quot;&quot;,&quot;includeStories&quot;:false,&quot;storiesInterval&quot;:5,&quot;showCaptions&quot;:{&quot;desktop&quot;:false,&quot;tablet&quot;:false},&quot;captionMaxLength&quot;:{&quot;desktop&quot;:0},&quot;captionRemoveDots&quot;:false,&quot;captionSize&quot;:{&quot;desktop&quot;:0},&quot;captionColor&quot;:{&quot;r&quot;:0,&quot;g&quot;:0,&quot;b&quot;:0,&quot;a&quot;:1},&quot;showLikes&quot;:{&quot;desktop&quot;:false,&quot;tablet&quot;:false},&quot;showComments&quot;:{&quot;desktop&quot;:false,&quot;tablet&quot;:false},&quot;lcIconSize&quot;:{&quot;desktop&quot;:14},&quot;likesIconColor&quot;:{&quot;r&quot;:0,&quot;g&quot;:0,&quot;b&quot;:0,&quot;a&quot;:1},&quot;commentsIconColor&quot;:{&quot;r&quot;:0,&quot;g&quot;:0,&quot;b&quot;:0,&quot;a&quot;:1},&quot;lightboxShowSidebar&quot;:false,&quot;lightboxCtaStyle&quot;:&quot;link&quot;,&quot;lightboxCtaDesign&quot;:{&quot;text&quot;:{&quot;color&quot;:{&quot;r&quot;:0,&quot;g&quot;:0,&quot;b&quot;:0,&quot;a&quot;:1},&quot;align&quot;:&quot;center&quot;},&quot;bgColor&quot;:{&quot;r&quot;:230,&quot;g&quot;:230,&quot;b&quot;:230,&quot;a&quot;:1},&quot;border&quot;:{&quot;radius&quot;:3}},&quot;numLightboxComments&quot;:50,&quot;showLoadMoreBtn&quot;:{&quot;desktop&quot;:true},&quot;loadMoreBtnDesign&quot;:{&quot;text&quot;:{&quot;color&quot;:{&quot;r&quot;:255,&quot;g&quot;:255,&quot;b&quot;:255,&quot;a&quot;:1},&quot;align&quot;:&quot;center&quot;},&quot;border&quot;:{&quot;radius&quot;:0},&quot;bgColor&quot;:{&quot;r&quot;:0,&quot;g&quot;:125,&quot;b&quot;:246,&quot;a&quot;:1},&quot;margin&quot;:{&quot;top&quot;:0,&quot;bottom&quot;:0,&quot;left&quot;:0,&quot;right&quot;:0}},&quot;loadMoreBtnText&quot;:&quot;Charger plus&quot;,&quot;loadMoreBtnScroll&quot;:true,&quot;autoload&quot;:false,&quot;showFollowBtn&quot;:{&quot;desktop&quot;:false,&quot;phone&quot;:false},&quot;followBtnText&quot;:&quot;Suivez-nous sur Instagram&quot;,&quot;followBtnDesign&quot;:{&quot;text&quot;:{&quot;color&quot;:{&quot;r&quot;:255,&quot;g&quot;:255,&quot;b&quot;:255,&quot;a&quot;:1},&quot;align&quot;:&quot;center&quot;},&quot;border&quot;:{&quot;radius&quot;:5},&quot;bgColor&quot;:{&quot;r&quot;:0,&quot;g&quot;:149,&quot;b&quot;:246,&quot;a&quot;:1},&quot;margin&quot;:{&quot;top&quot;:0,&quot;bottom&quot;:0,&quot;left&quot;:0,&quot;right&quot;:0}},&quot;followBtnLocation&quot;:{&quot;desktop&quot;:&quot;header&quot;,&quot;phone&quot;:&quot;bottom&quot;},&quot;alignFooterButtons&quot;:{&quot;desktop&quot;:false},&quot;customCss&quot;:&quot;\\\/* Enter your custom CSS below *\\\/\\n\\n&quot;,&quot;accounts&quot;:[1034],&quot;tagged&quot;:[],&quot;hashtags&quot;:[],&quot;mediaType&quot;:&quot;all&quot;,&quot;hashtagWhitelist&quot;:[],&quot;hashtagBlacklist&quot;:[],&quot;captionWhitelist&quot;:[],&quot;captionBlacklist&quot;:[],&quot;hashtagWhitelistSettings&quot;:true,&quot;hashtagBlacklistSettings&quot;:true,&quot;captionWhitelistSettings&quot;:true,&quot;captionBlacklistSettings&quot;:true,&quot;moderation&quot;:[],&quot;moderationMode&quot;:&quot;blacklist&quot;,&quot;promosVersion&quot;:2,&quot;promosEnabled&quot;:true,&quot;globalPromosEnabled&quot;:true,&quot;autoPromosEnabled&quot;:true,&quot;promoOverrides&quot;:[],&quot;feedPromo&quot;:{&quot;linkSource&quot;:{&quot;type&quot;:null},&quot;linkBehavior&quot;:{&quot;openNewTab&quot;:false,&quot;showPopupBox&quot;:false},&quot;linkText&quot;:&quot;&quot;},&quot;gaCampaignSource&quot;:&quot;&quot;,&quot;gaCampaignMedium&quot;:&quot;&quot;,&quot;gaCampaignName&quot;:&quot;&quot;,&quot;className&quot;:&quot;&quot;}' \/>\n        <input type=\"hidden\" id=\"sli__a__58f55145\" data-json='[{&quot;id&quot;:1034,&quot;type&quot;:&quot;PERSONAL&quot;,&quot;userId&quot;:&quot;5029855860458438&quot;,&quot;username&quot;:&quot;sarab_nutrition&quot;,&quot;bio&quot;:&quot;&quot;,&quot;customBio&quot;:&quot;\\ud83c\\udf93U12 BTS Di\\u00e9t\\u00e9tique\\n\\u2764\\ufe0fConseils Nutrition \\ud83e\\udd51et bien-\\u00eatre\\ud83e\\uddd8\\ud83c\\udffc\\u200d\\u2640\\ufe0f\\n\\ud83d\\udcdaEn formation @nutritionschool&quot;,&quot;profilePicUrl&quot;:&quot;&quot;,&quot;customProfilePicUrl&quot;:&quot;https:\\\/\\\/www.sarabetancurnutrition.com\\\/wp-content\\\/uploads\\\/2022\\\/08\\\/IMG_0273R.jpg&quot;,&quot;mediaCount&quot;:&quot;73&quot;,&quot;followersCount&quot;:&quot;0&quot;,&quot;usages&quot;:[],&quot;creationDate&quot;:&quot;2023-06-20 09:20:38&quot;}]' \/>\n        <input type=\"hidden\" id=\"sli__m__58f55145\" data-json='[]' \/>\n        ","protected":false},"excerpt":{"rendered":"<p>PAS D&rsquo;EFFET YO-YO , PAS DE REGIME ! 80% des personnes qui suivent un r\u00e9gime r\u00e9cup\u00e8rent les kilos perdus FOIRE AUX QUESTIONS &#8211;Quelle est la dur\u00e9e du programme? Entre 3- 9 mois en fonction des objectifs. Un suivi 6 mois et 12 mois apr\u00e8s la fin de programme aura lieu &#8211;Pour qui est fait ce [&hellip;]<\/p>\n","protected":false},"author":1,"featured_media":0,"parent":0,"menu_order":0,"comment_status":"closed","ping_status":"closed","template":"","meta":{"hide_page_title":"","footnotes":""},"class_list":["post-296","page","type-page","status-publish","hentry"],"_links":{"self":[{"href":"https:\/\/www.sarabetancurnutrition.com\/index.php\/wp-json\/wp\/v2\/pages\/296","targetHints":{"allow":["GET"]}}],"collection":[{"href":"https:\/\/www.sarabetancurnutrition.com\/index.php\/wp-json\/wp\/v2\/pages"}],"about":[{"href":"https:\/\/www.sarabetancurnutrition.com\/index.php\/wp-json\/wp\/v2\/types\/page"}],"author":[{"embeddable":true,"href":"https:\/\/www.sarabetancurnutrition.com\/index.php\/wp-json\/wp\/v2\/users\/1"}],"replies":[{"embeddable":true,"href":"https:\/\/www.sarabetancurnutrition.com\/index.php\/wp-json\/wp\/v2\/comments?post=296"}],"version-history":[{"count":11,"href":"https:\/\/www.sarabetancurnutrition.com\/index.php\/wp-json\/wp\/v2\/pages\/296\/revisions"}],"predecessor-version":[{"id":1402,"href":"https:\/\/www.sarabetancurnutrition.com\/index.php\/wp-json\/wp\/v2\/pages\/296\/revisions\/1402"}],"wp:attachment":[{"href":"https:\/\/www.sarabetancurnutrition.com\/index.php\/wp-json\/wp\/v2\/media?parent=296"}],"curies":[{"name":"wp","href":"https:\/\/api.w.org\/{rel}","templated":true}]}}