{"id":253,"date":"2022-05-29T18:49:05","date_gmt":"2022-05-29T16:49:05","guid":{"rendered":"https:\/\/sarabetve.wordpress.com\/?page_id=253"},"modified":"2022-08-21T12:10:52","modified_gmt":"2022-08-21T10:10:52","slug":"temoignages","status":"publish","type":"page","link":"https:\/\/www.sarabetancurnutrition.com\/index.php\/temoignages\/","title":{"rendered":"T\u00c9MOIGNAGES"},"content":{"rendered":"\n<p><\/p>\n\n\n\n<p><em>\u00ab J&rsquo;ai beaucoup appr\u00e9ci\u00e9e travailler avec Sara. Elle a jou\u00e9 un r\u00f4le d\u00e9terminant dans la r\u00e9alisation mes objectifs de perte de poids. Bien qu&rsquo;elle soit tr\u00e8s comp\u00e9tente et clairement passionn\u00e9e par ce qu&rsquo;elle fait, elle comprend \u00e0 quel point notre mode de vie et d&rsquo;autres aspects de la vie peuvent profond\u00e9ment affecter nos habitudes quotidiennes. Je la recommande. Merci.\u00a0\u00bb<\/em><\/p>\n\n\n\n<p class=\"has-text-align-right\">Claire  P.<\/p>\n\n\n\n<hr class=\"wp-block-separator has-alpha-channel-opacity\"\/>\n\n\n\n<p><\/p>\n\n\n\n<p><em>\u00ab\u00a0Je voulais perdre du poids, mais plus important encore, je voulais comprendre ce qui fonctionnait pour moi pour le maintenir. Environ 8 mois apr\u00e8s avoir travaill\u00e9 avec Sara, j&rsquo;ai perdu 8 kilos et j&rsquo;ai maintenu ce poids depuis &#8211; une r\u00e9ussite impressionnante pour moi&nbsp;! <\/em><\/p>\n\n\n\n<p><em>Je suis \u00e9galement plus active et je n&rsquo;ai pas l&rsquo;impression de suivre un r\u00e9gime ou de \u00ab\u00a0regarder ce que je mange\u00a0\u00bb ,c&rsquo;est juste mon mode de vie. J&rsquo;ai confiance maintenant dans ma capacit\u00e9 \u00e0 maintenir ma perte de poids car j&rsquo;ai les outils dont j&rsquo;ai besoin. Merci\u00a0\u00bb<\/em><\/p>\n\n\n\n<p class=\"has-text-align-right\">Laura  O.<\/p>\n\n\n\n<p><\/p>\n\n\n\n<hr class=\"wp-block-separator has-alpha-channel-opacity\"\/>\n\n\n\n<p><\/p>\n\n\n\n<p><em>\u00ab\u00a0Objectif atteint en 3 mois -10 KG !! Le programme m\u2019a permis d\u2019atteindre mon objectif fix\u00e9 sans avoir eu l\u2019impression de suivre un r\u00e9gime strict et de subir les frustrations qui vont avec.<\/em><\/p>\n\n\n\n<p><em>Les multiples \u00e9changes avec Sara permettent d\u2019obtenir de pr\u00e9cieuses informations sur la philosophie \u00e0 mettre en places et Sara distille au fil des rendez-vous de nombreux conseils qui permettent de varier les repas.<\/em><\/p>\n\n\n\n<p><em>Merci encore pour le partage de tes connaissances et pour la qualit\u00e9 du suivi apport\u00e9 \ud83d\ude0a<\/em>\u00ab\u00a0<\/p>\n\n\n\n<p><\/p>\n\n\n\n<p class=\"has-text-align-right\">Arnaud C.<\/p>\n\n\n\n<p><\/p>\n\n\n\n<hr class=\"wp-block-separator has-alpha-channel-opacity\"\/>\n\n\n\n<div class=\"wp-block-buttons is-content-justification-center is-layout-flex wp-container-core-buttons-is-layout-16018d1d wp-block-buttons-is-layout-flex\">\n<div class=\"wp-block-button is-style-fill\"><a class=\"wp-block-button__link\">Transformez votre alimentation!<\/a><\/div>\n<\/div>\n\n\n        <div\n            class=\"spotlight-instagram-feed\"\n            data-feed-var=\"58f55145\"\n            data-analytics=\"0\"\n            data-instance=\"253\"\n        >\n        <\/div>\n        <input type=\"hidden\" id=\"sli__f__58f55145\" data-json='{&quot;useCase&quot;:&quot;accounts&quot;,&quot;template&quot;:&quot;row&quot;,&quot;layout&quot;:&quot;grid&quot;,&quot;numColumns&quot;:{&quot;desktop&quot;:9,&quot;phone&quot;:9,&quot;tablet&quot;:5},&quot;highlightFreq&quot;:{&quot;desktop&quot;:7},&quot;sliderNumScrollPosts&quot;:{&quot;desktop&quot;:1},&quot;sliderInfinite&quot;:true,&quot;sliderLoop&quot;:false,&quot;sliderArrowPos&quot;:{&quot;desktop&quot;:&quot;inside&quot;},&quot;sliderArrowSize&quot;:{&quot;desktop&quot;:20},&quot;sliderArrowColor&quot;:{&quot;r&quot;:255,&quot;b&quot;:255,&quot;g&quot;:255,&quot;a&quot;:1},&quot;sliderArrowBgColor&quot;:{&quot;r&quot;:0,&quot;b&quot;:0,&quot;g&quot;:0,&quot;a&quot;:0.8},&quot;sliderAutoScroll&quot;:false,&quot;sliderAutoInterval&quot;:3,&quot;postOrder&quot;:&quot;date_desc&quot;,&quot;numPosts&quot;:{&quot;desktop&quot;:9,&quot;phone&quot;:9,&quot;tablet&quot;:5},&quot;linkBehavior&quot;:{&quot;desktop&quot;:&quot;new_tab&quot;},&quot;feedWidth&quot;:{&quot;desktop&quot;:0},&quot;feedHeight&quot;:{&quot;desktop&quot;:0},&quot;feedPadding&quot;:{&quot;desktop&quot;:10,&quot;tablet&quot;:0,&quot;phone&quot;:0},&quot;imgPadding&quot;:{&quot;desktop&quot;:5,&quot;tablet&quot;:0,&quot;phone&quot;:0},&quot;textSize&quot;:{&quot;desktop&quot;:0,&quot;tablet&quot;:0,&quot;phone&quot;:0},&quot;bgColor&quot;:{&quot;r&quot;:255,&quot;g&quot;:255,&quot;b&quot;:255,&quot;a&quot;:1},&quot;hoverInfo&quot;:[&quot;date&quot;],&quot;textColorHover&quot;:{&quot;r&quot;:255,&quot;g&quot;:255,&quot;b&quot;:255,&quot;a&quot;:1},&quot;bgColorHover&quot;:{&quot;r&quot;:0,&quot;g&quot;:0,&quot;b&quot;:0,&quot;a&quot;:0.5},&quot;showHeader&quot;:{&quot;desktop&quot;:true},&quot;headerInfo&quot;:{&quot;desktop&quot;:[&quot;profile_pic&quot;,&quot;bio&quot;]},&quot;headerAccount&quot;:null,&quot;headerStyle&quot;:{&quot;desktop&quot;:&quot;normal&quot;,&quot;phone&quot;:&quot;centered&quot;},&quot;headerTextSize&quot;:{&quot;desktop&quot;:0},&quot;headerPhotoSize&quot;:{&quot;desktop&quot;:25},&quot;headerTextColor&quot;:{&quot;r&quot;:0,&quot;g&quot;:0,&quot;b&quot;:0,&quot;a&quot;:1},&quot;headerBgColor&quot;:{&quot;r&quot;:255,&quot;g&quot;:255,&quot;b&quot;:255,&quot;a&quot;:1},&quot;headerPadding&quot;:{&quot;desktop&quot;:0},&quot;customProfilePic&quot;:&quot;&quot;,&quot;customBioText&quot;:&quot;&quot;,&quot;includeStories&quot;:false,&quot;storiesInterval&quot;:5,&quot;showCaptions&quot;:{&quot;desktop&quot;:false,&quot;tablet&quot;:false},&quot;captionMaxLength&quot;:{&quot;desktop&quot;:0},&quot;captionRemoveDots&quot;:false,&quot;captionSize&quot;:{&quot;desktop&quot;:0},&quot;captionColor&quot;:{&quot;r&quot;:0,&quot;g&quot;:0,&quot;b&quot;:0,&quot;a&quot;:1},&quot;showLikes&quot;:{&quot;desktop&quot;:false,&quot;tablet&quot;:false},&quot;showComments&quot;:{&quot;desktop&quot;:false,&quot;tablet&quot;:false},&quot;lcIconSize&quot;:{&quot;desktop&quot;:14},&quot;likesIconColor&quot;:{&quot;r&quot;:0,&quot;g&quot;:0,&quot;b&quot;:0,&quot;a&quot;:1},&quot;commentsIconColor&quot;:{&quot;r&quot;:0,&quot;g&quot;:0,&quot;b&quot;:0,&quot;a&quot;:1},&quot;lightboxShowSidebar&quot;:false,&quot;lightboxCtaStyle&quot;:&quot;link&quot;,&quot;lightboxCtaDesign&quot;:{&quot;text&quot;:{&quot;color&quot;:{&quot;r&quot;:0,&quot;g&quot;:0,&quot;b&quot;:0,&quot;a&quot;:1},&quot;align&quot;:&quot;center&quot;},&quot;bgColor&quot;:{&quot;r&quot;:230,&quot;g&quot;:230,&quot;b&quot;:230,&quot;a&quot;:1},&quot;border&quot;:{&quot;radius&quot;:3}},&quot;numLightboxComments&quot;:50,&quot;showLoadMoreBtn&quot;:{&quot;desktop&quot;:true},&quot;loadMoreBtnDesign&quot;:{&quot;text&quot;:{&quot;color&quot;:{&quot;r&quot;:255,&quot;g&quot;:255,&quot;b&quot;:255,&quot;a&quot;:1},&quot;align&quot;:&quot;center&quot;},&quot;border&quot;:{&quot;radius&quot;:0},&quot;bgColor&quot;:{&quot;r&quot;:0,&quot;g&quot;:125,&quot;b&quot;:246,&quot;a&quot;:1},&quot;margin&quot;:{&quot;top&quot;:0,&quot;bottom&quot;:0,&quot;left&quot;:0,&quot;right&quot;:0}},&quot;loadMoreBtnText&quot;:&quot;Charger plus&quot;,&quot;loadMoreBtnScroll&quot;:true,&quot;autoload&quot;:false,&quot;showFollowBtn&quot;:{&quot;desktop&quot;:false,&quot;phone&quot;:false},&quot;followBtnText&quot;:&quot;Suivez-nous sur Instagram&quot;,&quot;followBtnDesign&quot;:{&quot;text&quot;:{&quot;color&quot;:{&quot;r&quot;:255,&quot;g&quot;:255,&quot;b&quot;:255,&quot;a&quot;:1},&quot;align&quot;:&quot;center&quot;},&quot;border&quot;:{&quot;radius&quot;:5},&quot;bgColor&quot;:{&quot;r&quot;:0,&quot;g&quot;:149,&quot;b&quot;:246,&quot;a&quot;:1},&quot;margin&quot;:{&quot;top&quot;:0,&quot;bottom&quot;:0,&quot;left&quot;:0,&quot;right&quot;:0}},&quot;followBtnLocation&quot;:{&quot;desktop&quot;:&quot;header&quot;,&quot;phone&quot;:&quot;bottom&quot;},&quot;alignFooterButtons&quot;:{&quot;desktop&quot;:false},&quot;customCss&quot;:&quot;\\\/* Enter your custom CSS below *\\\/\\n\\n&quot;,&quot;accounts&quot;:[1034],&quot;tagged&quot;:[],&quot;hashtags&quot;:[],&quot;mediaType&quot;:&quot;all&quot;,&quot;hashtagWhitelist&quot;:[],&quot;hashtagBlacklist&quot;:[],&quot;captionWhitelist&quot;:[],&quot;captionBlacklist&quot;:[],&quot;hashtagWhitelistSettings&quot;:true,&quot;hashtagBlacklistSettings&quot;:true,&quot;captionWhitelistSettings&quot;:true,&quot;captionBlacklistSettings&quot;:true,&quot;moderation&quot;:[],&quot;moderationMode&quot;:&quot;blacklist&quot;,&quot;promosVersion&quot;:2,&quot;promosEnabled&quot;:true,&quot;globalPromosEnabled&quot;:true,&quot;autoPromosEnabled&quot;:true,&quot;promoOverrides&quot;:[],&quot;feedPromo&quot;:{&quot;linkSource&quot;:{&quot;type&quot;:null},&quot;linkBehavior&quot;:{&quot;openNewTab&quot;:false,&quot;showPopupBox&quot;:false},&quot;linkText&quot;:&quot;&quot;},&quot;gaCampaignSource&quot;:&quot;&quot;,&quot;gaCampaignMedium&quot;:&quot;&quot;,&quot;gaCampaignName&quot;:&quot;&quot;,&quot;className&quot;:&quot;&quot;}' \/>\n        <input type=\"hidden\" id=\"sli__a__58f55145\" data-json='[{&quot;id&quot;:1034,&quot;type&quot;:&quot;PERSONAL&quot;,&quot;userId&quot;:&quot;5029855860458438&quot;,&quot;username&quot;:&quot;sarab_nutrition&quot;,&quot;bio&quot;:&quot;&quot;,&quot;customBio&quot;:&quot;\\ud83c\\udf93U12 BTS Di\\u00e9t\\u00e9tique\\n\\u2764\\ufe0fConseils Nutrition \\ud83e\\udd51et bien-\\u00eatre\\ud83e\\uddd8\\ud83c\\udffc\\u200d\\u2640\\ufe0f\\n\\ud83d\\udcdaEn formation @nutritionschool&quot;,&quot;profilePicUrl&quot;:&quot;&quot;,&quot;customProfilePicUrl&quot;:&quot;https:\\\/\\\/www.sarabetancurnutrition.com\\\/wp-content\\\/uploads\\\/2022\\\/08\\\/IMG_0273R.jpg&quot;,&quot;mediaCount&quot;:&quot;73&quot;,&quot;followersCount&quot;:&quot;0&quot;,&quot;usages&quot;:[],&quot;creationDate&quot;:&quot;2023-06-20 09:20:38&quot;}]' \/>\n        <input type=\"hidden\" id=\"sli__m__58f55145\" data-json='[]' \/>\n        ","protected":false},"excerpt":{"rendered":"<p>\u00ab J&rsquo;ai beaucoup appr\u00e9ci\u00e9e travailler avec Sara. Elle a jou\u00e9 un r\u00f4le d\u00e9terminant dans la r\u00e9alisation mes objectifs de perte de poids. Bien qu&rsquo;elle soit tr\u00e8s comp\u00e9tente et clairement passionn\u00e9e par ce qu&rsquo;elle fait, elle comprend \u00e0 quel point notre mode de vie et d&rsquo;autres aspects de la vie peuvent profond\u00e9ment affecter nos habitudes quotidiennes. [&hellip;]<\/p>\n","protected":false},"author":1,"featured_media":0,"parent":0,"menu_order":0,"comment_status":"closed","ping_status":"closed","template":"","meta":{"hide_page_title":"disabled","footnotes":""},"class_list":["post-253","page","type-page","status-publish","hentry"],"_links":{"self":[{"href":"https:\/\/www.sarabetancurnutrition.com\/index.php\/wp-json\/wp\/v2\/pages\/253","targetHints":{"allow":["GET"]}}],"collection":[{"href":"https:\/\/www.sarabetancurnutrition.com\/index.php\/wp-json\/wp\/v2\/pages"}],"about":[{"href":"https:\/\/www.sarabetancurnutrition.com\/index.php\/wp-json\/wp\/v2\/types\/page"}],"author":[{"embeddable":true,"href":"https:\/\/www.sarabetancurnutrition.com\/index.php\/wp-json\/wp\/v2\/users\/1"}],"replies":[{"embeddable":true,"href":"https:\/\/www.sarabetancurnutrition.com\/index.php\/wp-json\/wp\/v2\/comments?post=253"}],"version-history":[{"count":7,"href":"https:\/\/www.sarabetancurnutrition.com\/index.php\/wp-json\/wp\/v2\/pages\/253\/revisions"}],"predecessor-version":[{"id":502,"href":"https:\/\/www.sarabetancurnutrition.com\/index.php\/wp-json\/wp\/v2\/pages\/253\/revisions\/502"}],"wp:attachment":[{"href":"https:\/\/www.sarabetancurnutrition.com\/index.php\/wp-json\/wp\/v2\/media?parent=253"}],"curies":[{"name":"wp","href":"https:\/\/api.w.org\/{rel}","templated":true}]}}